{"id":3217,"date":"2024-06-03T13:27:43","date_gmt":"2024-06-03T12:27:43","guid":{"rendered":"https:\/\/artway.se\/transporttjanster\/"},"modified":"2024-07-10T11:46:34","modified_gmt":"2024-07-10T10:46:34","slug":"transporttjanster","status":"publish","type":"page","link":"https:\/\/artway.se\/en\/transport-2\/transporttjanster\/","title":{"rendered":"transporttj\u00e4nster"},"content":{"rendered":"<div class=\"gb-container gb-container-b7b7ff81\">\n<div class=\"gb-container gb-container-0105c07d\">\n<div class=\"gb-grid-wrapper gb-grid-wrapper-a78ddc2b w-100\">\n<div class=\"gb-grid-column gb-grid-column-918fcc0b\"><div class=\"gb-container gb-container-918fcc0b\">\n\n<h1 class=\"gb-headline gb-headline-9118bdc8 gb-headline-text\">Transport<\/h1>\n\n\n\n<p class=\"gb-headline gb-headline-09574859 gb-headline-text\">Artway AB erbjuder transporttj\u00e4nster i hela Sverig och i hela EU.<\/p>\n\n\n\n<a class=\"gb-button gb-button-a1054429 scale12\" href=\"https:\/\/artway.se\/om-oss\/kontakta-oss\/\"><span class=\"gb-button-text\">Boka transport h\u00e4r<\/span><span class=\"gb-icon\"><svg aria-hidden=\"true\" role=\"img\" height=\"1em\" width=\"1em\" viewBox=\"0 0 256 512\" xmlns=\"http:\/\/www.w3.org\/2000\/svg\"><path fill=\"currentColor\" d=\"M224.3 273l-136 136c-9.4 9.4-24.6 9.4-33.9 0l-22.6-22.6c-9.4-9.4-9.4-24.6 0-33.9l96.4-96.4-96.4-96.4c-9.4-9.4-9.4-24.6 0-33.9L54.3 103c9.4-9.4 24.6-9.4 33.9 0l136 136c9.5 9.4 9.5 24.6.1 34z\"><\/path><\/svg><\/span><\/a>\n\n<\/div><\/div>\n<\/div>\n<\/div>\n<\/div>\n\n<div class=\"gb-container gb-container-07e2e176\"><div class=\"gb-inside-container\">\n<div class=\"gb-container gb-container-e5d990bc\">\n<div class=\"gb-grid-wrapper gb-grid-wrapper-a245c976\">\n<div class=\"gb-grid-column gb-grid-column-5570d1a9\"><div class=\"gb-container gb-container-5570d1a9\">\n\n<h4 class=\"gb-headline gb-headline-a5a8cda3 gb-headline-text\">Utforska Transporttj\u00e4nster med Artway i Helsingborg<\/h4>\n\n\n\n<h3 class=\"gb-headline gb-headline-f36f23f2 gb-headline-text\">Med v\u00e5r transport s\u00e5 kommer ditt gods fram till r\u00e4tt plats, p\u00e5 r\u00e4tt tid och i r\u00e4tt skick!<\/h3>\n\n\n<div class=\"gb-grid-wrapper gb-grid-wrapper-a859deeb\">\n<div class=\"gb-grid-column gb-grid-column-304e08dc\"><div class=\"gb-container gb-container-304e08dc\">\n\n<div class=\"gb-headline gb-headline-b9f39a03\"><span class=\"gb-icon\"><svg xmlns=\"http:\/\/www.w3.org\/2000\/svg\" viewBox=\"0 0 640 512\" class=\"e-font-icon-svg e-fas-couch\" aria-hidden=\"true\"><path d=\"M160 224v64h320v-64c0-35.3 28.7-64 64-64h32c0-53-43-96-96-96H160c-53 0-96 43-96 96h32c35.3 0 64 28.7 64 64zm416-32h-32c-17.7 0-32 14.3-32 32v96H128v-96c0-17.7-14.3-32-32-32H64c-35.3 0-64 28.7-64 64 0 23.6 13 44 32 55.1V432c0 8.8 7.2 16 16 16h64c8.8 0 16-7.2 16-16v-16h384v16c0 8.8 7.2 16 16 16h64c8.8 0 16-7.2 16-16V311.1c19-11.1 32-31.5 32-55.1 0-35.3-28.7-64-64-64z\"><\/path><\/svg><\/span><span class=\"gb-headline-text\"><\/span><\/div>\n\n\n\n<h4 class=\"gb-headline gb-headline-10152fcd gb-headline-text\">Stora och Tunga Objekt<\/h4>\n\n\n\n<p class=\"has-text-align-left has-base-3-color has-text-color has-link-color wp-elements-98814de1ec4885e561e32704e863c551\">Beh\u00f6ver du flytta tunga m\u00f6bler eller stora f\u00f6rem\u00e5l? Artway Flytt och Transport \u00e4r din p\u00e5litliga partner f\u00f6r att transportera \u00e4ven de mest kr\u00e4vande objekten s\u00e4kert och effektivt. Vi har erfarenheten och utrustningen f\u00f6r att hantera allt fr\u00e5n tunga pianon till stora m\u00f6belset.<\/p>\n\n<\/div><\/div>\n\n<div class=\"gb-grid-column gb-grid-column-391843e2\"><div class=\"gb-container gb-container-391843e2\">\n\n<div class=\"gb-headline gb-headline-60402c97\"><span class=\"gb-icon\"><svg xmlns=\"http:\/\/www.w3.org\/2000\/svg\" viewBox=\"0 0 640 512\" class=\"e-font-icon-svg e-fas-tags\" aria-hidden=\"true\"><path d=\"M497.941 225.941L286.059 14.059A48 48 0 0 0 252.118 0H48C21.49 0 0 21.49 0 48v204.118a48 48 0 0 0 14.059 33.941l211.882 211.882c18.744 18.745 49.136 18.746 67.882 0l204.118-204.118c18.745-18.745 18.745-49.137 0-67.882zM112 160c-26.51 0-48-21.49-48-48s21.49-48 48-48 48 21.49 48 48-21.49 48-48 48zm513.941 133.823L421.823 497.941c-18.745 18.745-49.137 18.745-67.882 0l-.36-.36L527.64 323.522c16.999-16.999 26.36-39.6 26.36-63.64s-9.362-46.641-26.36-63.64L331.397 0h48.721a48 48 0 0 1 33.941 14.059l211.882 211.882c18.745 18.745 18.745 49.137 0 67.882z\"><\/path><\/svg><\/span><span class=\"gb-headline-text\"><\/span><\/div>\n\n\n\n<h4 class=\"gb-headline gb-headline-8c2c2623 gb-headline-text\">Leverans av Produkter<\/h4>\n\n\n\n<p class=\"has-text-align-left has-base-3-color has-text-color has-link-color wp-elements-eefe8c637bc14548cd62b36376709e25\">Oavsett om det \u00e4r ett tillf\u00e4lligt behov eller en regelbunden leverans, kan Artway Flytt och Transport hj\u00e4lpa till med transport och leverans av dina produkter. Vi erbjuder p\u00e5litliga och snabba leveranser f\u00f6r att s\u00e4kerst\u00e4lla att dina varor n\u00e5r sina destinationer i tid och i gott skick.<\/p>\n\n<\/div><\/div>\n\n<div class=\"gb-grid-column gb-grid-column-53ee492d\"><div class=\"gb-container gb-container-53ee492d\">\n\n<div class=\"gb-headline gb-headline-04a73864\"><span class=\"gb-icon\"><svg xmlns=\"http:\/\/www.w3.org\/2000\/svg\" viewBox=\"0 0 640 512\" class=\"e-font-icon-svg e-fas-truck-moving\" aria-hidden=\"true\"><path d=\"M621.3 237.3l-58.5-58.5c-12-12-28.3-18.7-45.3-18.7H480V64c0-17.7-14.3-32-32-32H32C14.3 32 0 46.3 0 64v336c0 44.2 35.8 80 80 80 26.3 0 49.4-12.9 64-32.4 14.6 19.6 37.7 32.4 64 32.4 44.2 0 80-35.8 80-80 0-5.5-.6-10.8-1.6-16h163.2c-1.1 5.2-1.6 10.5-1.6 16 0 44.2 35.8 80 80 80s80-35.8 80-80c0-5.5-.6-10.8-1.6-16H624c8.8 0 16-7.2 16-16v-85.5c0-17-6.7-33.2-18.7-45.2zM80 432c-17.6 0-32-14.4-32-32s14.4-32 32-32 32 14.4 32 32-14.4 32-32 32zm128 0c-17.6 0-32-14.4-32-32s14.4-32 32-32 32 14.4 32 32-14.4 32-32 32zm272-224h37.5c4.3 0 8.3 1.7 11.3 4.7l43.3 43.3H480v-48zm48 224c-17.6 0-32-14.4-32-32s14.4-32 32-32 32 14.4 32 32-14.4 32-32 32z\"><\/path><\/svg><\/span><span class=\"gb-headline-text\"><\/span><\/div>\n\n\n\n<h4 class=\"gb-headline gb-headline-b016ac53 gb-headline-text\">Flexibla \u00c5kertj\u00e4nster<\/h4>\n\n\n\n<p class=\"has-text-align-left has-base-3-color has-text-color has-link-color wp-elements-43e4f1b79d394d9b827b502883b5652b\">Beh\u00f6ver du ett mindre \u00e5keri f\u00f6r att agera som underleverant\u00f6r vid behov? Artway Flytt och Transport kan vara den perfekta l\u00f6sningen. Vi erbjuder flexibla \u00e5kertj\u00e4nster f\u00f6r att m\u00f6ta dina transportbehov, oavsett om det \u00e4r en eng\u00e5ngsf\u00f6reteelse eller en kontinuerlig tj\u00e4nst.<\/p>\n\n<\/div><\/div>\n<\/div>\n<\/div><\/div>\n<\/div>\n<\/div>\n<\/div><\/div>\n\n<div class=\"gb-container gb-container-ebfe0ff4\"><div class=\"gb-inside-container\">\n<div class=\"gb-container gb-container-19066052\">\n<div class=\"gb-container gb-container-39290068\">\n\n<h3 class=\"gb-headline gb-headline-ef7f38df gb-headline-text\">Oavsett dina transportbehov kan du lita p\u00e5 Artway Flytt och Transport i Helsingborg f\u00f6r p\u00e5litliga och professionella transporttj\u00e4nster.<\/h3>\n\n\n\n<h3 class=\"gb-headline gb-headline-779ddffc gb-headline-text\">Kontakta oss idag f\u00f6r att diskutera hur vi kan hj\u00e4lpa dig!<\/h3>\n\n\n\n<a class=\"gb-button gb-button-aa58be53 scale12\" href=\"https:\/\/artway.se\/om-oss\/kontakta-oss\/\"><span class=\"gb-button-text\">Kontakta Artway<\/span><span class=\"gb-icon\"><svg aria-hidden=\"true\" role=\"img\" height=\"1em\" width=\"1em\" viewBox=\"0 0 256 512\" xmlns=\"http:\/\/www.w3.org\/2000\/svg\"><path fill=\"currentColor\" d=\"M224.3 273l-136 136c-9.4 9.4-24.6 9.4-33.9 0l-22.6-22.6c-9.4-9.4-9.4-24.6 0-33.9l96.4-96.4-96.4-96.4c-9.4-9.4-9.4-24.6 0-33.9L54.3 103c9.4-9.4 24.6-9.4 33.9 0l136 136c9.5 9.4 9.5 24.6.1 34z\"><\/path><\/svg><\/span><\/a>\n\n<\/div>\n<\/div>\n<\/div><\/div>","protected":false},"excerpt":{"rendered":"<p>Oavsett dina transportbehov kan du lita p\u00e5 Artway Flytt och Transport i Helsingborg f\u00f6r p\u00e5litliga och professionella transporttj\u00e4nster. Kontakta oss idag f\u00f6r att diskutera hur vi kan hj\u00e4lpa dig!<\/p>\n","protected":false},"author":1,"featured_media":0,"parent":3295,"menu_order":0,"comment_status":"closed","ping_status":"closed","template":"","meta":{"footnotes":""},"class_list":["post-3217","page","type-page","status-publish"],"_links":{"self":[{"href":"https:\/\/artway.se\/en\/wp-json\/wp\/v2\/pages\/3217","targetHints":{"allow":["GET"]}}],"collection":[{"href":"https:\/\/artway.se\/en\/wp-json\/wp\/v2\/pages"}],"about":[{"href":"https:\/\/artway.se\/en\/wp-json\/wp\/v2\/types\/page"}],"author":[{"embeddable":true,"href":"https:\/\/artway.se\/en\/wp-json\/wp\/v2\/users\/1"}],"replies":[{"embeddable":true,"href":"https:\/\/artway.se\/en\/wp-json\/wp\/v2\/comments?post=3217"}],"version-history":[{"count":1,"href":"https:\/\/artway.se\/en\/wp-json\/wp\/v2\/pages\/3217\/revisions"}],"predecessor-version":[{"id":3218,"href":"https:\/\/artway.se\/en\/wp-json\/wp\/v2\/pages\/3217\/revisions\/3218"}],"up":[{"embeddable":true,"href":"https:\/\/artway.se\/en\/wp-json\/wp\/v2\/pages\/3295"}],"wp:attachment":[{"href":"https:\/\/artway.se\/en\/wp-json\/wp\/v2\/media?parent=3217"}],"curies":[{"name":"wp","href":"https:\/\/api.w.org\/{rel}","templated":true}]}}