{"id":3243,"date":"2024-06-03T01:15:44","date_gmt":"2024-06-03T00:15:44","guid":{"rendered":"https:\/\/artway.se\/?page_id=3243"},"modified":"2024-11-18T09:12:44","modified_gmt":"2024-11-18T09:12:44","slug":"moving","status":"publish","type":"page","link":"https:\/\/artway.se\/en\/moving\/","title":{"rendered":"Moving"},"content":{"rendered":"<div class=\"gb-container gb-container-b7b7ff81\">\n<div class=\"gb-container gb-container-0105c07d\">\n<div class=\"gb-grid-wrapper gb-grid-wrapper-a78ddc2b w-100\">\n<div class=\"gb-grid-column gb-grid-column-918fcc0b\"><div class=\"gb-container gb-container-918fcc0b\">\n\n<h1 class=\"gb-headline gb-headline-9118bdc8 gb-headline-text\">Moving Services<\/h1>\n\n\n\n<p class=\"gb-headline gb-headline-09574859 gb-headline-text\">Artway AB offers comprehensive moving and move-out cleaning services.<\/p>\n\n\n<div class=\"gb-container gb-container-b07678fa\">\n\n<p class=\"gb-headline gb-headline-15d067f9 gb-headline-text\">At Artway, our ambition is to provide complete moving services throughout the entire process, from packing and cleaning to transporting household goods and handling unwanted items. We have extensive experience in moving and assist both businesses and individuals.<\/p>\n\n<\/div>\n<\/div><\/div>\n<\/div>\n<\/div>\n<\/div>\n\n<div class=\"gb-container gb-container-202e3bc1 shadow-bottom\">\n<div class=\"gb-container gb-container-87eeb4e4\">\n<div class=\"gb-grid-wrapper gb-grid-wrapper-bfba36d5\">\n<div class=\"gb-grid-column gb-grid-column-616a7dbe\"><div class=\"gb-container gb-container-616a7dbe hover-bg\">\n\n<h2 class=\"gb-headline gb-headline-a0392c50 gb-headline-text\">Private Move<\/h2>\n\n\n\n<p class=\"gb-headline gb-headline-80207454 gb-headline-text\">Secure Private Moves Throughout Sweden and Abroad With a focus on security and service, as well as a comprehensive range of moving services, we are a reliable partner for your private move.<\/p>\n\n\n\n<a class=\"gb-button gb-button-4f7bb450 scale12\" href=\"https:\/\/artway.se\/en\/private-move\/\"><span class=\"gb-button-text\">Private Move<\/span><span class=\"gb-icon\"><svg aria-hidden=\"true\" role=\"img\" height=\"1em\" width=\"1em\" viewBox=\"0 0 256 512\" xmlns=\"http:\/\/www.w3.org\/2000\/svg\"><path fill=\"currentColor\" d=\"M224.3 273l-136 136c-9.4 9.4-24.6 9.4-33.9 0l-22.6-22.6c-9.4-9.4-9.4-24.6 0-33.9l96.4-96.4-96.4-96.4c-9.4-9.4-9.4-24.6 0-33.9L54.3 103c9.4-9.4 24.6-9.4 33.9 0l136 136c9.5 9.4 9.5 24.6.1 34z\"><\/path><\/svg><\/span><\/a>\n\n<\/div><\/div>\n\n<div class=\"gb-grid-column gb-grid-column-b8dbcf77\"><div class=\"gb-container gb-container-b8dbcf77 hover-bg\">\n\n<h2 class=\"gb-headline gb-headline-66536abd gb-headline-text\">Corporate Move<\/h2>\n\n\n\n<p class=\"gb-headline gb-headline-798913df gb-headline-text\">No corporate move is identical to another \u2013 that\u2019s why we are flexible and adaptable when it comes to your moving assistance.<\/p>\n\n\n\n<a class=\"gb-button gb-button-2354bd19 scale12\" href=\"https:\/\/artway.se\/en\/corporate-move\/\"><span class=\"gb-button-text\">Corporate Move<\/span><span class=\"gb-icon\"><svg aria-hidden=\"true\" role=\"img\" height=\"1em\" width=\"1em\" viewBox=\"0 0 256 512\" xmlns=\"http:\/\/www.w3.org\/2000\/svg\"><path fill=\"currentColor\" d=\"M224.3 273l-136 136c-9.4 9.4-24.6 9.4-33.9 0l-22.6-22.6c-9.4-9.4-9.4-24.6 0-33.9l96.4-96.4-96.4-96.4c-9.4-9.4-9.4-24.6 0-33.9L54.3 103c9.4-9.4 24.6-9.4 33.9 0l136 136c9.5 9.4 9.5 24.6.1 34z\"><\/path><\/svg><\/span><\/a>\n\n<\/div><\/div>\n<\/div>\n<\/div>\n\n<div class=\"gb-container gb-container-18d50fcc\">\n<div class=\"gb-grid-wrapper gb-grid-wrapper-4680be12\">\n<div class=\"gb-grid-column gb-grid-column-49ccad0a\"><div class=\"gb-container gb-container-49ccad0a hover-bg\">\n\n<h2 class=\"gb-headline gb-headline-b127c44d gb-headline-text\">International Move<\/h2>\n\n\n\n<p class=\"gb-headline gb-headline-7b23c3a5 gb-headline-text\">In today&#8217;s global work environment, the entire world is considered a workplace for Swedes, and an increasing number of Swedes are choosing to move abroad.<\/p>\n\n\n\n<a class=\"gb-button gb-button-e14997a0 scale12\" href=\"https:\/\/artway.se\/en\/international-move\/\"><span class=\"gb-button-text\">International Move<\/span><span class=\"gb-icon\"><svg aria-hidden=\"true\" role=\"img\" height=\"1em\" width=\"1em\" viewBox=\"0 0 256 512\" xmlns=\"http:\/\/www.w3.org\/2000\/svg\"><path fill=\"currentColor\" d=\"M224.3 273l-136 136c-9.4 9.4-24.6 9.4-33.9 0l-22.6-22.6c-9.4-9.4-9.4-24.6 0-33.9l96.4-96.4-96.4-96.4c-9.4-9.4-9.4-24.6 0-33.9L54.3 103c9.4-9.4 24.6-9.4 33.9 0l136 136c9.5 9.4 9.5 24.6.1 34z\"><\/path><\/svg><\/span><\/a>\n\n<\/div><\/div>\n\n<div class=\"gb-grid-column gb-grid-column-83cecc90\"><div class=\"gb-container gb-container-83cecc90 hover-bg\">\n\n<h2 class=\"gb-headline gb-headline-474e6c48 gb-headline-text\">Packing &amp; Assembly<\/h2>\n\n\n\n<p class=\"gb-headline gb-headline-da1b1ca7 gb-headline-text\">At <a href=\"https:\/\/artway.se\/om-oss\/\"  data-wpil-monitor-id=\"2\">Artway AB<\/a>, all our employees are trained in safe lifting, assembly and disassembly, and careful packing techniques.<\/p>\n\n\n\n<a class=\"gb-button gb-button-a64b9e84 scale12\" href=\"https:\/\/artway.se\/en\/packing-and-assembly\/\"><span class=\"gb-button-text\">Packing and Assembly<\/span><span class=\"gb-icon\"><svg aria-hidden=\"true\" role=\"img\" height=\"1em\" width=\"1em\" viewBox=\"0 0 256 512\" xmlns=\"http:\/\/www.w3.org\/2000\/svg\"><path fill=\"currentColor\" d=\"M224.3 273l-136 136c-9.4 9.4-24.6 9.4-33.9 0l-22.6-22.6c-9.4-9.4-9.4-24.6 0-33.9l96.4-96.4-96.4-96.4c-9.4-9.4-9.4-24.6 0-33.9L54.3 103c9.4-9.4 24.6-9.4 33.9 0l136 136c9.5 9.4 9.5 24.6.1 34z\"><\/path><\/svg><\/span><\/a>\n\n<\/div><\/div>\n<\/div>\n<\/div>\n\n<div class=\"gb-container gb-container-56adec7e\">\n<div class=\"gb-grid-wrapper gb-grid-wrapper-e1f63dd4\">\n<div class=\"gb-grid-column gb-grid-column-d9fa08b3\"><div class=\"gb-container gb-container-d9fa08b3 hover-bg\">\n\n<h2 class=\"gb-headline gb-headline-838d189f gb-headline-text\">`<\/h2>\n\n\n\n<p class=\"gb-headline gb-headline-d4ae2435 gb-headline-text\">I dagens globala arbetsklimat betraktas hela v\u00e4rlden som en arbetsplats f\u00f6r svenskar, och en \u00f6kande m\u00e4ngd svenskar v\u00e4ljer att flytta utomlands.<\/p>\n\n\n\n<span class=\"gb-button gb-button-2b3eb3db scale12\"><span class=\"gb-button-text\">Utomlandsflytt<\/span><span class=\"gb-icon\"><svg aria-hidden=\"true\" role=\"img\" height=\"1em\" width=\"1em\" viewBox=\"0 0 256 512\" xmlns=\"http:\/\/www.w3.org\/2000\/svg\"><path fill=\"currentColor\" d=\"M224.3 273l-136 136c-9.4 9.4-24.6 9.4-33.9 0l-22.6-22.6c-9.4-9.4-9.4-24.6 0-33.9l96.4-96.4-96.4-96.4c-9.4-9.4-9.4-24.6 0-33.9L54.3 103c9.4-9.4 24.6-9.4 33.9 0l136 136c9.5 9.4 9.5 24.6.1 34z\"><\/path><\/svg><\/span><\/span>\n\n<\/div><\/div>\n\n<div class=\"gb-grid-column gb-grid-column-c501e15d\"><div class=\"gb-container gb-container-c501e15d hover-bg\">\n\n<h2 class=\"gb-headline gb-headline-ee8e4102 gb-headline-text\">Clearing an Estate<\/h2>\n\n\n\n<p class=\"gb-headline gb-headline-7fe969ad gb-headline-text\">At Artway, we have a high level of understanding and respect for relatives when it comes to handling an estate. Let us take care of the difficult tasks so you can focus on grieving and being with your family.<\/p>\n\n\n\n<a class=\"gb-button gb-button-0e0c61b6 scale12\" href=\"https:\/\/artway.se\/en\/clearing-an-estate\/\"><span class=\"gb-button-text\">Clearing an Estate<\/span><span class=\"gb-icon\"><svg aria-hidden=\"true\" role=\"img\" height=\"1em\" width=\"1em\" viewBox=\"0 0 256 512\" xmlns=\"http:\/\/www.w3.org\/2000\/svg\"><path fill=\"currentColor\" d=\"M224.3 273l-136 136c-9.4 9.4-24.6 9.4-33.9 0l-22.6-22.6c-9.4-9.4-9.4-24.6 0-33.9l96.4-96.4-96.4-96.4c-9.4-9.4-9.4-24.6 0-33.9L54.3 103c9.4-9.4 24.6-9.4 33.9 0l136 136c9.5 9.4 9.5 24.6.1 34z\"><\/path><\/svg><\/span><\/a>\n\n<\/div><\/div>\n<\/div>\n<\/div>\n<\/div>\n\n<div class=\"gb-container gb-container-17fc02e8\">\n<div class=\"gb-container gb-container-4e0ae897\">\n<div class=\"gb-grid-wrapper gb-grid-wrapper-3d4bf2b6\">\n<div class=\"gb-grid-column gb-grid-column-8fed221c\"><div class=\"gb-container gb-container-8fed221c\">\n\n<h2 class=\"gb-headline gb-headline-5f27c3c4 gb-headline-text\">Contact Artway for Help with Transport Today!<\/h2>\n\n\n<p><script src=\"https:\/\/apps.elfsight.com\/p\/platform.js\" defer=\"\"><\/script><\/p>\n<div class=\"elfsight-app-b956f4bc-87fe-42d8-93ee-2c55ff1dcc87\"><\/div>\n\n<\/div><\/div>\n<\/div>\n<\/div>\n<\/div>","protected":false},"excerpt":{"rendered":"","protected":false},"author":1,"featured_media":0,"parent":0,"menu_order":0,"comment_status":"closed","ping_status":"closed","template":"","meta":{"footnotes":""},"class_list":["post-3243","page","type-page","status-publish"],"_links":{"self":[{"href":"https:\/\/artway.se\/en\/wp-json\/wp\/v2\/pages\/3243","targetHints":{"allow":["GET"]}}],"collection":[{"href":"https:\/\/artway.se\/en\/wp-json\/wp\/v2\/pages"}],"about":[{"href":"https:\/\/artway.se\/en\/wp-json\/wp\/v2\/types\/page"}],"author":[{"embeddable":true,"href":"https:\/\/artway.se\/en\/wp-json\/wp\/v2\/users\/1"}],"replies":[{"embeddable":true,"href":"https:\/\/artway.se\/en\/wp-json\/wp\/v2\/comments?post=3243"}],"version-history":[{"count":3,"href":"https:\/\/artway.se\/en\/wp-json\/wp\/v2\/pages\/3243\/revisions"}],"predecessor-version":[{"id":3495,"href":"https:\/\/artway.se\/en\/wp-json\/wp\/v2\/pages\/3243\/revisions\/3495"}],"wp:attachment":[{"href":"https:\/\/artway.se\/en\/wp-json\/wp\/v2\/media?parent=3243"}],"curies":[{"name":"wp","href":"https:\/\/api.w.org\/{rel}","templated":true}]}}