{"id":3431,"date":"2024-09-23T13:11:07","date_gmt":"2024-09-23T12:11:07","guid":{"rendered":"https:\/\/artway.se\/?page_id=3431"},"modified":"2024-09-23T13:18:39","modified_gmt":"2024-09-23T12:18:39","slug":"cleaning-company-helsingborg","status":"publish","type":"page","link":"https:\/\/artway.se\/en\/cleaning-company-helsingborg\/","title":{"rendered":"Cleaning Company Helsingborg"},"content":{"rendered":"<div class=\"gb-container gb-container-38087fcd alignfull\">\n<div class=\"gb-container gb-container-2ad96d7f\">\n<div class=\"gb-grid-wrapper gb-grid-wrapper-a3661792 w-100\">\n<div class=\"gb-grid-column gb-grid-column-3593cb7f\"><div class=\"gb-container gb-container-3593cb7f\">\n\n<h1 class=\"gb-headline gb-headline-746c839c gb-headline-text\">Cleaning Company Helsingborg | Artway<\/h1>\n\n\n\n<p class=\"has-var-global-color-14-color has-text-color has-var-u-002-du-002-dglobal-color-14-color has-text-color\">Are you looking for a reliable and professional cleaning company in Helsingborg? At Artway, we offer high-quality cleaning services tailored to your needs, whether it&#8217;s home cleaning or corporate cleaning. We take pride in being one of the leading cleaning companies in Helsingborg, and we guarantee that your home or office will always be spotless. With our meticulous and experienced staff, you can be sure that we will deliver beyond your expectations.<\/p>\n\n\n\n<a class=\"gb-button gb-button-45ec1959 scale12\" href=\"https:\/\/artway.se\/en\/cleaning\/move-out-cleaning\/\"><span class=\"gb-button-text\">Request a quote<\/span><span class=\"gb-icon\"><svg aria-hidden=\"true\" role=\"img\" height=\"1em\" width=\"1em\" viewBox=\"0 0 256 512\" xmlns=\"http:\/\/www.w3.org\/2000\/svg\"><path fill=\"currentColor\" d=\"M224.3 273l-136 136c-9.4 9.4-24.6 9.4-33.9 0l-22.6-22.6c-9.4-9.4-9.4-24.6 0-33.9l96.4-96.4-96.4-96.4c-9.4-9.4-9.4-24.6 0-33.9L54.3 103c9.4-9.4 24.6-9.4 33.9 0l136 136c9.5 9.4 9.5 24.6.1 34z\"><\/path><\/svg><\/span><\/a>\n\n<\/div><\/div>\n<\/div>\n\n<div class=\"gb-container gb-container-9dfe1ccf\"><\/div>\n<\/div>\n<\/div>\n\n<div class=\"gb-container gb-container-f678295b\"><\/div>\n\n<div class=\"gb-container gb-container-79441b24\">\n<div class=\"gb-container gb-container-ceffc74f\">\n\n<h3 class=\"gb-headline gb-headline-d1359e82 gb-headline-text\">Our Services<\/h3>\n\n\n\n<p class=\"has-global-color-14-color has-text-color has-link-color wp-elements-1add2a63650fc8edb4b95cca27ff753b\">As a leading cleaning company in Helsingborg, we offer a wide range of cleaning services that cover all your needs:<\/p>\n\n\n\n<h5 class=\"gb-headline gb-headline-aa04f180\"><span class=\"gb-icon\"><svg aria-hidden=\"true\" role=\"img\" height=\"1em\" width=\"1em\" viewBox=\"0 0 512 512\" xmlns=\"http:\/\/www.w3.org\/2000\/svg\"><path fill=\"currentColor\" d=\"M173.898 439.404l-166.4-166.4c-9.997-9.997-9.997-26.206 0-36.204l36.203-36.204c9.997-9.998 26.207-9.998 36.204 0L192 312.69 432.095 72.596c9.997-9.997 26.207-9.997 36.204 0l36.203 36.204c9.997 9.997 9.997 26.206 0 36.204l-294.4 294.401c-9.998 9.997-26.207 9.997-36.204-.001z\"><\/path><\/svg><\/span><span class=\"gb-headline-text\">Home Cleaning Helsingborg<\/span><\/h5>\n\n\n\n<p class=\"has-global-color-14-color has-text-color has-link-color wp-elements-fe00a8ddddc17ba4b22654aa80449ec4\">We ensure that your home is always clean and inviting, with flexible cleaning plans that suit your lifestyle. Whether you want a one-time cleaning or regular cleaning, we customize our services according to your needs. Home Cleaning Helsingborg prices vary depending on the scope of the service, and we offer competitive pricing.<\/p>\n\n\n\n<h5 class=\"gb-headline gb-headline-08346ef1\"><span class=\"gb-icon\"><svg aria-hidden=\"true\" role=\"img\" height=\"1em\" width=\"1em\" viewBox=\"0 0 512 512\" xmlns=\"http:\/\/www.w3.org\/2000\/svg\"><path fill=\"currentColor\" d=\"M173.898 439.404l-166.4-166.4c-9.997-9.997-9.997-26.206 0-36.204l36.203-36.204c9.997-9.998 26.207-9.998 36.204 0L192 312.69 432.095 72.596c9.997-9.997 26.207-9.997 36.204 0l36.203 36.204c9.997 9.997 9.997 26.206 0 36.204l-294.4 294.401c-9.998 9.997-26.207 9.997-36.204-.001z\"><\/path><\/svg><\/span><span class=\"gb-headline-text\">Corporate Cleaning Helsingborg<\/span><\/h5>\n\n\n\n<p class=\"has-global-color-14-color has-text-color has-link-color wp-elements-d350850bde97529886a858e4beeb542b\">We understand that a clean office promotes a productive work environment. Our team is trained to deliver professional cleaning for businesses of all sizes, with customized solutions that meet specific requirements.<\/p>\n\n\n\n<h5 class=\"gb-headline gb-headline-378ee794\"><span class=\"gb-icon\"><svg aria-hidden=\"true\" role=\"img\" height=\"1em\" width=\"1em\" viewBox=\"0 0 512 512\" xmlns=\"http:\/\/www.w3.org\/2000\/svg\"><path fill=\"currentColor\" d=\"M173.898 439.404l-166.4-166.4c-9.997-9.997-9.997-26.206 0-36.204l36.203-36.204c9.997-9.998 26.207-9.998 36.204 0L192 312.69 432.095 72.596c9.997-9.997 26.207-9.997 36.204 0l36.203 36.204c9.997 9.997 9.997 26.206 0 36.204l-294.4 294.401c-9.998 9.997-26.207 9.997-36.204-.001z\"><\/path><\/svg><\/span><span class=\"gb-headline-text\"><a href=\"https:\/\/artway.se\/en\/move-out-cleaning-in-helsingborg\/\" data-type=\"page\" data-id=\"3382\">Move-out Cleaning<\/a><\/span><\/h5>\n\n\n\n<p class=\"has-global-color-14-color has-text-color has-link-color wp-elements-bba16df474c0cef63cab6fd485e4f368\">Make your move easier with our professional move-out cleaning, which ensures that both your old and new residence are in top shape.<\/p>\n\n\n\n<h5 class=\"gb-headline gb-headline-2eff761e\"><span class=\"gb-icon\"><svg aria-hidden=\"true\" role=\"img\" height=\"1em\" width=\"1em\" viewBox=\"0 0 512 512\" xmlns=\"http:\/\/www.w3.org\/2000\/svg\"><path fill=\"currentColor\" d=\"M173.898 439.404l-166.4-166.4c-9.997-9.997-9.997-26.206 0-36.204l36.203-36.204c9.997-9.998 26.207-9.998 36.204 0L192 312.69 432.095 72.596c9.997-9.997 26.207-9.997 36.204 0l36.203 36.204c9.997 9.997 9.997 26.206 0 36.204l-294.4 294.401c-9.998 9.997-26.207 9.997-36.204-.001z\"><\/path><\/svg><\/span><span class=\"gb-headline-text\">Deep Cleaning<\/span><\/h5>\n\n\n\n<p class=\"has-global-color-14-color has-text-color has-link-color wp-elements-edc27dbbf00c6e6cd7a23e2d9617df95\">When your home needs a thorough overhaul, we offer deep cleaning services that cover all the details and leave no corner untouched.<\/p>\n\n<\/div>\n<\/div>\n\n\n<h2 class=\"gb-headline gb-headline-f1fa738f gb-headline-text\">Why Choose Artway?<\/h2>\n\n\n\n<p>Choosing Artway as your cleaning company in Helsingborg means you will get a reliable and professional partner for all your cleaning needs. Here are some reasons why we are the best choice:<\/p>\n\n\n\n<ul class=\"wp-block-list\">\n<li>Experience and Expertise: Our team has extensive experience in the cleaning industry, and we use the best methods to ensure spotless results every time.<\/li>\n\n\n\n<li>Customer Focus: We always prioritize our customers&#8217; needs and tailor our services according to your specific requests, whether it&#8217;s home cleaning or corporate cleaning in Helsingborg.<\/li>\n\n\n\n<li>Environmentally Friendly Products: The environment is important to us. We only use environmentally friendly cleaning products that are gentle on both your home and our planet.<\/li>\n\n\n\n<li>Competitive Prices: We offer home cleaning in Helsingborg at competitive prices without compromising on quality.<\/li>\n\n\n\n<li>Flexible Services: Whether you need a one-time cleaning or regular cleaning, we offer flexible options that fit your lifestyle and schedule.<\/li>\n<\/ul>\n\n\n\n<h3 class=\"gb-headline gb-headline-eee74edb gb-headline-text\">Areas We Serve<\/h3>\n\n\n<div class=\"gb-container gb-container-e91c9702\">\n\n<p class=\"has-text-align-center\">Artway offers cleaning services in the following areas in and around Helsingborg:<\/p>\n\n\n\n<p class=\"has-text-align-center\">\u00c4ngelholm<br>H\u00f6gan\u00e4s<br>Helsingborg<br>\u00c5storp<br>Lomma<br>Landskrona<br>No matter where you are located, you can trust that we will deliver high-quality cleaning services that meet your needs.<\/p>\n\n\n\n<hr class=\"wp-block-separator has-alpha-channel-opacity\"\/>\n\n<\/div>","protected":false},"excerpt":{"rendered":"<p>Our Services As a leading cleaning company in Helsingborg, we offer a wide range of cleaning services that cover all your needs: Home Cleaning Helsingborg We ensure that your home is always clean and inviting, with flexible cleaning plans that suit your lifestyle. Whether you want a one-time cleaning or regular cleaning, we customize our &#8230; <a title=\"Cleaning Company Helsingborg\" class=\"read-more\" href=\"https:\/\/artway.se\/en\/cleaning-company-helsingborg\/\" aria-label=\"Read more about Cleaning Company Helsingborg\">Read more<\/a><\/p>\n","protected":false},"author":1,"featured_media":0,"parent":0,"menu_order":0,"comment_status":"closed","ping_status":"closed","template":"","meta":{"footnotes":""},"class_list":["post-3431","page","type-page","status-publish"],"_links":{"self":[{"href":"https:\/\/artway.se\/en\/wp-json\/wp\/v2\/pages\/3431","targetHints":{"allow":["GET"]}}],"collection":[{"href":"https:\/\/artway.se\/en\/wp-json\/wp\/v2\/pages"}],"about":[{"href":"https:\/\/artway.se\/en\/wp-json\/wp\/v2\/types\/page"}],"author":[{"embeddable":true,"href":"https:\/\/artway.se\/en\/wp-json\/wp\/v2\/users\/1"}],"replies":[{"embeddable":true,"href":"https:\/\/artway.se\/en\/wp-json\/wp\/v2\/comments?post=3431"}],"version-history":[{"count":1,"href":"https:\/\/artway.se\/en\/wp-json\/wp\/v2\/pages\/3431\/revisions"}],"predecessor-version":[{"id":3432,"href":"https:\/\/artway.se\/en\/wp-json\/wp\/v2\/pages\/3431\/revisions\/3432"}],"wp:attachment":[{"href":"https:\/\/artway.se\/en\/wp-json\/wp\/v2\/media?parent=3431"}],"curies":[{"name":"wp","href":"https:\/\/api.w.org\/{rel}","templated":true}]}}