{"id":3439,"date":"2024-09-25T11:03:24","date_gmt":"2024-09-25T10:03:24","guid":{"rendered":"https:\/\/artway.se\/?page_id=3439"},"modified":"2024-09-25T13:39:37","modified_gmt":"2024-09-25T12:39:37","slug":"move-out-cleaning-angelholm","status":"publish","type":"page","link":"https:\/\/artway.se\/en\/move-out-cleaning-angelholm\/","title":{"rendered":"Move-Out Cleaning \u00c4ngelholm"},"content":{"rendered":"<div class=\"gb-container gb-container-38087fcd alignfull\">\n<div class=\"gb-container gb-container-2ad96d7f\">\n<div class=\"gb-grid-wrapper gb-grid-wrapper-a3661792 w-100\">\n<div class=\"gb-grid-column gb-grid-column-3593cb7f\"><div class=\"gb-container gb-container-3593cb7f\">\n\n<h1 class=\"gb-headline gb-headline-746c839c gb-headline-text\">Move-Out Cleaning \u00c4ngelholm | Artway<\/h1>\n\n\n\n<p class=\"has-var-global-color-14-color has-text-color has-var-u-002-du-002-dglobal-color-14-color has-text-color\">Are you moving and need help with move-out cleaning in \u00c4ngelholm? Artway offers professional and affordable move-out cleaning services, guaranteeing that your home is left in top condition. We help you save time and avoid stress by providing a thorough cleaning, including window cleaning.<\/p>\n\n\n\n<a class=\"gb-button gb-button-45ec1959 scale12\" href=\"https:\/\/artway.se\/en\/cleaning\/move-out-cleaning\/\"><span class=\"gb-button-text\">Request for a Quote<\/span><span class=\"gb-icon\"><svg aria-hidden=\"true\" role=\"img\" height=\"1em\" width=\"1em\" viewBox=\"0 0 256 512\" xmlns=\"http:\/\/www.w3.org\/2000\/svg\"><path fill=\"currentColor\" d=\"M224.3 273l-136 136c-9.4 9.4-24.6 9.4-33.9 0l-22.6-22.6c-9.4-9.4-9.4-24.6 0-33.9l96.4-96.4-96.4-96.4c-9.4-9.4-9.4-24.6 0-33.9L54.3 103c9.4-9.4 24.6-9.4 33.9 0l136 136c9.5 9.4 9.5 24.6.1 34z\"><\/path><\/svg><\/span><\/a>\n\n<\/div><\/div>\n<\/div>\n\n<div class=\"gb-container gb-container-9dfe1ccf\"><\/div>\n<\/div>\n<\/div>\n\n<div class=\"gb-container gb-container-f678295b\"><\/div>\n\n<div class=\"gb-container gb-container-79441b24\">\n<div class=\"gb-container gb-container-ceffc74f\">\n\n<h3 class=\"gb-headline gb-headline-d1359e82 gb-headline-text\">Our Services Include:<\/h3>\n\n\n\n<h5 class=\"gb-headline gb-headline-aa04f180\"><span class=\"gb-icon\"><svg aria-hidden=\"true\" role=\"img\" height=\"1em\" width=\"1em\" viewBox=\"0 0 512 512\" xmlns=\"http:\/\/www.w3.org\/2000\/svg\"><path fill=\"currentColor\" d=\"M173.898 439.404l-166.4-166.4c-9.997-9.997-9.997-26.206 0-36.204l36.203-36.204c9.997-9.998 26.207-9.998 36.204 0L192 312.69 432.095 72.596c9.997-9.997 26.207-9.997 36.204 0l36.203 36.204c9.997 9.997 9.997 26.206 0 36.204l-294.4 294.401c-9.998 9.997-26.207 9.997-36.204-.001z\"><\/path><\/svg><\/span><span class=\"gb-headline-text\">Move-out cleaning pricing<\/span><\/h5>\n\n\n\n<p class=\"has-global-color-14-color has-text-color has-link-color wp-elements-e5ff32814d8d503a7874411e9374b0cd\">We offer clear and competitive prices, suitable for all budgets, ensuring no hidden fees.<\/p>\n\n\n\n<h5 class=\"gb-headline gb-headline-08346ef1\"><span class=\"gb-icon\"><svg aria-hidden=\"true\" role=\"img\" height=\"1em\" width=\"1em\" viewBox=\"0 0 512 512\" xmlns=\"http:\/\/www.w3.org\/2000\/svg\"><path fill=\"currentColor\" d=\"M173.898 439.404l-166.4-166.4c-9.997-9.997-9.997-26.206 0-36.204l36.203-36.204c9.997-9.998 26.207-9.998 36.204 0L192 312.69 432.095 72.596c9.997-9.997 26.207-9.997 36.204 0l36.203 36.204c9.997 9.997 9.997 26.206 0 36.204l-294.4 294.401c-9.998 9.997-26.207 9.997-36.204-.001z\"><\/path><\/svg><\/span><span class=\"gb-headline-text\">Boka flyttst\u00e4dning \u00e4ngelholm<\/span><\/h5>\n\n\n\n<p class=\"has-global-color-14-color has-text-color has-link-color wp-elements-d3b5a55f9e93804d4b091e34aa71caeb\">Med v\u00e5r enkla och smidiga onlinebokning kan du boka flyttst\u00e4dning i \u00c4ngelholm p\u00e5 n\u00e5gra minuter. V\u00e4lj den tid och datum som passar dig b\u00e4st och l\u00e5t oss ta hand om resten.<\/p>\n\n\n\n<h5 class=\"gb-headline gb-headline-378ee794\"><span class=\"gb-icon\"><svg aria-hidden=\"true\" role=\"img\" height=\"1em\" width=\"1em\" viewBox=\"0 0 512 512\" xmlns=\"http:\/\/www.w3.org\/2000\/svg\"><path fill=\"currentColor\" d=\"M173.898 439.404l-166.4-166.4c-9.997-9.997-9.997-26.206 0-36.204l36.203-36.204c9.997-9.998 26.207-9.998 36.204 0L192 312.69 432.095 72.596c9.997-9.997 26.207-9.997 36.204 0l36.203 36.204c9.997 9.997 9.997 26.206 0 36.204l-294.4 294.401c-9.998 9.997-26.207 9.997-36.204-.001z\"><\/path><\/svg><\/span><span class=\"gb-headline-text\">Affordable move-out cleaning<\/span><\/h5>\n\n\n\n<p class=\"has-global-color-14-color has-text-color has-link-color wp-elements-dcc31c2df3de3f9672ca99bdbf8d000c\">We provide high-quality cleaning at affordable prices without compromising results.<\/p>\n\n\n\n<h5 class=\"gb-headline gb-headline-2eff761e\"><span class=\"gb-icon\"><svg aria-hidden=\"true\" role=\"img\" height=\"1em\" width=\"1em\" viewBox=\"0 0 512 512\" xmlns=\"http:\/\/www.w3.org\/2000\/svg\"><path fill=\"currentColor\" d=\"M173.898 439.404l-166.4-166.4c-9.997-9.997-9.997-26.206 0-36.204l36.203-36.204c9.997-9.998 26.207-9.998 36.204 0L192 312.69 432.095 72.596c9.997-9.997 26.207-9.997 36.204 0l36.203 36.204c9.997 9.997 9.997 26.206 0 36.204l-294.4 294.401c-9.998 9.997-26.207 9.997-36.204-.001z\"><\/path><\/svg><\/span><span class=\"gb-headline-text\">Window cleaning<\/span><\/h5>\n\n\n\n<p class=\"has-global-color-14-color has-text-color has-link-color wp-elements-95934f5198087375c9cc5cb10d28f7a3\">Complete move-out cleaning includes thorough window cleaning inside and out.<\/p>\n\n<\/div>\n<\/div>\n\n\n<h2 class=\"gb-headline gb-headline-f1fa738f gb-headline-text\">Why Choose Artway?<\/h2>\n\n\n\n<p>At Artway, we provide top-quality move-out cleaning. As an experienced cleaning company, we ensure each cleaning is performed with attention to detail. We use eco-friendly products to protect both your home and the environment. Our easy booking process and competitive prices make it simple and affordable to get spotless results while trusting our professionalism for a stress-free experience.<\/p>\n\n\n\n<h3 class=\"gb-headline gb-headline-eee74edb gb-headline-text\">Areas We Serve<\/h3>\n\n\n<div class=\"gb-container gb-container-e91c9702\">\n\n<p class=\"has-text-align-center\">Artway provides cleaning services in:<br>H\u00f6gan\u00e4s<br>Helsingborg<br>\u00c5storp<br>Lomma<br>Landskrona<\/p>\n\n\n\n<p class=\"has-text-align-center\">Wherever you&#8217;re located, you can trust us for high-quality cleaning services tailored to your needs.<\/p>\n\n\n\n<hr class=\"wp-block-separator has-alpha-channel-opacity\"\/>\n\n<\/div>","protected":false},"excerpt":{"rendered":"<p>Our Services Include: Move-out cleaning pricing We offer clear and competitive prices, suitable for all budgets, ensuring no hidden fees. Boka flyttst\u00e4dning \u00e4ngelholm Med v\u00e5r enkla och smidiga onlinebokning kan du boka flyttst\u00e4dning i \u00c4ngelholm p\u00e5 n\u00e5gra minuter. V\u00e4lj den tid och datum som passar dig b\u00e4st och l\u00e5t oss ta hand om resten. Affordable &#8230; <a title=\"Move-Out Cleaning \u00c4ngelholm\" class=\"read-more\" href=\"https:\/\/artway.se\/en\/move-out-cleaning-angelholm\/\" aria-label=\"Read more about Move-Out Cleaning \u00c4ngelholm\">Read more<\/a><\/p>\n","protected":false},"author":1,"featured_media":0,"parent":0,"menu_order":0,"comment_status":"closed","ping_status":"closed","template":"","meta":{"footnotes":""},"class_list":["post-3439","page","type-page","status-publish"],"_links":{"self":[{"href":"https:\/\/artway.se\/en\/wp-json\/wp\/v2\/pages\/3439","targetHints":{"allow":["GET"]}}],"collection":[{"href":"https:\/\/artway.se\/en\/wp-json\/wp\/v2\/pages"}],"about":[{"href":"https:\/\/artway.se\/en\/wp-json\/wp\/v2\/types\/page"}],"author":[{"embeddable":true,"href":"https:\/\/artway.se\/en\/wp-json\/wp\/v2\/users\/1"}],"replies":[{"embeddable":true,"href":"https:\/\/artway.se\/en\/wp-json\/wp\/v2\/comments?post=3439"}],"version-history":[{"count":1,"href":"https:\/\/artway.se\/en\/wp-json\/wp\/v2\/pages\/3439\/revisions"}],"predecessor-version":[{"id":3440,"href":"https:\/\/artway.se\/en\/wp-json\/wp\/v2\/pages\/3439\/revisions\/3440"}],"wp:attachment":[{"href":"https:\/\/artway.se\/en\/wp-json\/wp\/v2\/media?parent=3439"}],"curies":[{"name":"wp","href":"https:\/\/api.w.org\/{rel}","templated":true}]}}